{"id":3799,"date":"2015-04-06T21:33:29","date_gmt":"2015-04-07T03:33:29","guid":{"rendered":"http:\/\/redhi.com\/blog\/?page_id=3799"},"modified":"2020-03-06T15:56:35","modified_gmt":"2020-03-06T21:56:35","slug":"privacidad","status":"publish","type":"page","link":"https:\/\/redhi.com\/blog\/privacidad\/","title":{"rendered":"Aviso de Privacidad"},"content":{"rendered":"<p style=\"text-align: center;\"><span style=\"color: #000000;\">Fecha de la \u00faltima actualizaci\u00f3n de este Aviso de Privacidad: 6 de marzo del 2020.<\/span><\/p>\n<h3 style=\"text-align: center;\"><span style=\"color: #000000;\"><strong>AVISO DE PRIVACIDAD<\/strong><\/span><\/h3>\n<h5 style=\"text-align: center;\"><span style=\"color: #000000;\"><strong>Relacionado con los Datos Personales, recabados por REDHI: Red Humana Inteligente, SC.<\/strong><\/span><\/h5>\n<h5 style=\"text-align: center;\"><span style=\"color: #000000;\"><strong>D E C L A R A C I O N E S<\/strong><\/span><\/h5>\n<ol>\n<li>Al ingresar y utilizar este portal de internet, cuyos nombre de dominio es: <a href=\"http:\/\/www.redhi.com\">www.redhi.com<\/a>, propiedad de REDHI: Red Humana Inteligente, SC, en lo sucesivo (REDHI). Usted (el USUARIO) declara que est\u00e1 aceptando los t\u00e9rminos y las condiciones contenidos en este aviso y declara y otorga expresamente su aceptaci\u00f3n y consentimiento utilizando para tal efecto medios electr\u00f3nicos, en t\u00e9rminos de lo dispuesto por el art\u00edculo 1803 del c\u00f3digo civil federal.<\/li>\n<li>Si el usuario no acepta en forma absoluta y completa los t\u00e9rminos y condiciones de este aviso, debe abstenerse de acceder, usar y ver el sitio: <a href=\"http:\/\/www.redhi.com\">www.redhi.com<\/a>.<\/li>\n<li>Para el caso que el usuario contin\u00fae en el uso de <a href=\"http:\/\/www.redhi.com\">www.redhi.com<\/a>. Sea en forma total o parcial, dicha acci\u00f3n se considera como su absoluta y expresa aceptaci\u00f3n a los t\u00e9rminos y condiciones aqu\u00ed estipulados.<\/li>\n<li>La sola utilizaci\u00f3n de la p\u00e1gina de internet le otorga al p\u00fablico usuario (en adelante referido como el &#8220;usuario&#8221; o los &#8220;usuarios&#8221;) e implica la aceptaci\u00f3n, plena e incondicional, de todas y cada una de las condiciones generales y particulares incluidas en este aviso de privacidad en la versi\u00f3n publicada por la REDHI en el momento mismo en que el usuario acceda a la p\u00e1gina.<\/li>\n<li>REDHI desde ahora declara, para todos los efectos legales a que haya lugar, que no solicita ni trata datos personales sensibles con motivo del servicio que por este medio se presta.<\/li>\n<\/ol>\n<p><span style=\"color: #000000;\">\u00a0<\/span><\/p>\n<p><span style=\"color: #000000;\"><strong>LAS PARTES ACUERDAN QUE AL NO EXISTIR, ERROR, DOLO, MALA FE O CUALQUIER OTRO VICIO DE LA VOLUNTAD QUE PUDIERA NULIFICAR LA VALIDEZ DEL PRESENTE INSTRUMENTO, AMBAS ACUERDAN EN SUJETARSE AL TENOR DE LO ESTIPULADO EN LAS SIGUIENTES DEFINICIONES Y CL\u00c1USULAS.<\/strong><\/span><\/p>\n<p>&nbsp;<\/p>\n<h5 style=\"text-align: center;\"><span style=\"color: #000000;\"><strong>D E F I N I C I O N E S<\/strong><\/span><\/h5>\n<ol>\n<li><strong>Titular<\/strong>: La persona f\u00edsica (USUARIO) a quien identifican o corresponden los datos personales.<\/li>\n<li><strong>Responsable<\/strong>: Persona f\u00edsica o moral (REDHI) de car\u00e1cter privado que decide sobre el tratamiento de los datos personales.<\/li>\n<li><strong>Tratamiento<\/strong>: La obtenci\u00f3n, uso (que incluye el acceso, manejo, aprovechamiento, transferencia o disposici\u00f3n de datos personales), divulgaci\u00f3n o almacenamiento de datos personales por cualquier medio<\/li>\n<li><strong>Transferencia<\/strong>: Toda comunicaci\u00f3n de datos realizada a persona distinta del responsable o encargado del tratamiento.<\/li>\n<li><strong>Derechos<\/strong> <strong>ARCO<\/strong>: Derechos de acceso, rectificaci\u00f3n, cancelaci\u00f3n y oposici\u00f3n.<\/li>\n<li><strong>Consentimiento<\/strong> <strong>T\u00e1cito<\/strong>: Se entender\u00e1 que el titular ha consentido en el tratamiento de los datos, cuando habi\u00e9ndose puesto a su disposici\u00f3n el Aviso de Privacidad, no manifieste su oposici\u00f3n.<\/li>\n<\/ol>\n<p>&nbsp;<\/p>\n<p>&nbsp;<\/p>\n<h5 align=\"center\"><span style=\"color: #000000;\"><strong>C L \u00c1 U S U L A S<\/strong><\/span><\/h5>\n<h5 style=\"text-align: left;\" align=\"center\"><span style=\"color: #000000;\"><strong>1. <\/strong><strong>IDENTIDAD Y DOMICILIO DEL RESPONSABLE QUE RECABA LOS DATOS PERSONALES. <\/strong><\/span><\/h5>\n<p>El responsable de la obtenci\u00f3n de los datos personales, es REDHI: Red Humana Inteligente, SC., quien se compromete a respetar lo establecido en el presente Aviso de Privacidad (en lo sucesivo el \u201cAVISO\u201d), mismo que est\u00e1 puesto a su disposici\u00f3n en cumplimiento a lo establecido en la Ley Federal de Protecci\u00f3n de Datos Personales en Posesi\u00f3n de los Particulares (en lo sucesivo la \u201cLEY\u201d) y, es aplicable \u00fanicamente respecto a los datos personales, que se recaban a trav\u00e9s del sitio web: <a href=\"http:\/\/www.redhi.com\">www.redhi.com<\/a>. El domicilio que para los efectos del presente aviso, establece REDHI, es el ubicado en: Av. Insurgentes Sur 1694. Col. Florida, CP 01030, M\u00e9xico, Distrito Federal.<\/p>\n<p>&nbsp;<\/p>\n<h5><span style=\"color: #000000;\"><strong>2. <\/strong><strong>DATOS QUE SE RECABAN Y SU ORIGEN.<\/strong><\/span><\/h5>\n<p>El USUARIO reconoce y acepta que REDHI, no obtiene la informaci\u00f3n personal de manera autom\u00e1tica, sino que requiere que el mismo USUARIO la proporcione a trav\u00e9s del registro en el sitio <a href=\"http:\/\/www.redhi.com\">www.redhi.com<\/a>. Para efectos de lo dispuesto en el presente Aviso, REDHI podr\u00e1 recabar y tratar, los siguientes datos personales: nombre del contacto, tel\u00e9fono local y\/o m\u00f3vil, correo electr\u00f3nico, nombre y domicilio del responsable de recabar los datos personales y con facultad para decidir sobre los mismos.<\/p>\n<p style=\"padding-left: 30px;\">2.1 REDHI usar\u00e1 informaci\u00f3n IP (Protocolo de Internet, por sus siglas en ingl\u00e9s Internet Protocole) para analizar cualquier tipo de amenazas al sitio <a href=\"http:\/\/www.redhi.com\">www.redhi.com<\/a> , as\u00ed como para recabar informaci\u00f3n demogr\u00e1fica. Sin embargo, la informaci\u00f3n IP, en ning\u00fan caso ser\u00e1 utilizada para identificar USUARIOS, excepto cuando haya probabilidades de actividad fraudulenta.<\/p>\n<p style=\"padding-left: 30px;\">2.2 Uso de Cookies. Es posible que el sitio <a href=\"http:\/\/www.redhi.com\">www.redhi.com<\/a> , haga uso de &#8220;cookies&#8221; en conexi\u00f3n con ciertas caracter\u00edsticas o funciones. Las cookies son tipos espec\u00edficos de informaci\u00f3n que un sitio web transmite al disco duro de la computadora de un USUARIO con el fin de mantener los registros. Las cookies pueden servir para facilitar el uso de un sitio web, al guardar contrase\u00f1as y preferencias mientras el USUARIO navega en internet. El sitio <a href=\"http:\/\/www.redhi.com\">www.redhi.com<\/a>, no usa cookies para obtener datos de identificaci\u00f3n personal de la computadora de un USUARIO que no se hayan enviado originalmente como parte de la cookie. Aunque la mayor\u00eda de los navegadores aceptan cookies autom\u00e1ticamente, usted puede configurar su navegador para que no los acepte.<\/p>\n<h5><span style=\"color: #000000;\"><strong>3. <\/strong><strong>FINALIDADES DEL TRATAMIENTO DE LOS DATOS PERSONALES.<\/strong><\/span><\/h5>\n<p>REDHI, tratar\u00e1 los datos de las personas f\u00edsicas o USUARIOS que visiten el sitio www.redhi, para las siguientes finalidades:<\/p>\n<ol>\n<li>Contactar v\u00eda telef\u00f3nica o por correo electr\u00f3nico a los USUARIOS, para atender y dar seguimiento a las solicitudes de informaci\u00f3n sobre los eventos y actividades realizadas por REDHI.<\/li>\n<li>Generar un Registro en la base de datos de \u201cclientes\u201d y\/o \u201ccontactos\u201d de REDHI, que ser\u00e1 conservado por 10-diez a\u00f1os.<\/li>\n<li>Informar v\u00eda correo electr\u00f3nico sobre cambios o nuevos actividades y\/o productos que est\u00e9n relacionados con el servicio solicitado por el USUARIO.<\/li>\n<li>Para enviarles comunicaciones con fines publicitarios o mercadot\u00e9cnicos respectos de los productos o servicios que ofrece REDHI y;<\/li>\n<li>Evaluar la calidad del servicio o productos ofrecidos por REDHI.<\/li>\n<\/ol>\n<p>&nbsp;<\/p>\n<h5><span style=\"color: #000000;\"><strong>4. <\/strong><strong>LIMITACIONES PARA EL ACCESO Y DIVULGACION DE LOS DATOS PERSONALES.<\/strong><\/span><\/h5>\n<p>REDHI, se compromete a realizar su mejor esfuerzo para proteger la seguridad de los datos personales que el USUARIO o titular le est\u00e1 entregando, mediante la celebraci\u00f3n de actos jur\u00eddicos, el uso de tecnolog\u00edas que controlan el acceso, uso o divulgaci\u00f3n sin autorizaci\u00f3n de la informaci\u00f3n personal; para tal efecto, se almacena la informaci\u00f3n personal en bases de datos con acceso limitado que se encuentran en instalaciones controladas con mecanismos de seguridad; REDHI, se compromete a que la informaci\u00f3n proporcionada por el USUARIO, sea considerada con car\u00e1cter confidencial, y utilizada bajo plena privacidad.<\/p>\n<p>&nbsp;<\/p>\n<h5><span style=\"color: #99cc00;\"><strong><span style=\"color: #000000;\">5. <\/span><\/strong><span style=\"color: #000000;\"><strong>RESPONSABLE DE TRAMITAR LAS SOLICITUDES.<\/strong><\/span><\/span><\/h5>\n<p>En caso de que el USUARIO titular necesite revocar su consentimiento, as\u00ed como Acceder, Rectificar, Cancelar, Oponerse a los datos personales que ha proporcionado a trav\u00e9s de la p\u00e1gina de Internet <a href=\"http:\/\/www.redhi.com\">www.redhi.com<\/a> , lo deber\u00e1 hacer a trav\u00e9s de la persona designada por REDHI, cuyos datos se describen a continuaci\u00f3n:<\/p>\n<ul>\n<li>Responsable: Ing. Luis Ledesma<\/li>\n<li>Correo electr\u00f3nico: <a href=\"mailto:privacidad@redhi.com\">privacidad@redhi.com<\/a><\/li>\n<\/ul>\n<p>&nbsp;<\/p>\n<h5><span style=\"color: #000000;\"><strong>6. <\/strong><strong>MEDIOS PARA REVOCAR EL CONSENTIMIENTO.<\/strong><\/span><\/h5>\n<p>Usted como titular de sus datos personales, podr\u00e1 revocar el consentimiento que se otorga con la aceptaci\u00f3n del presente. Dicha revocaci\u00f3n del consentimiento que se otorga por medios electr\u00f3nicos, se deber\u00e1 de hacer observando el siguiente procedimiento:<\/p>\n<p style=\"padding-left: 30px;\">6.1. Enviar un correo electr\u00f3nico en atenci\u00f3n al Responsable, designado en el punto cinco del presente Aviso, mediante el cual ser\u00e1n atendidas dichas solicitudes.<\/p>\n<p style=\"padding-left: 30px;\">6.2 Enviar una solicitud o mensaje de datos al correo electr\u00f3nico antes precisado, en el que se\u00f1ale:<\/p>\n<p style=\"padding-left: 60px;\">6.2.1. El nombre completo del USUARIO y correo electr\u00f3nico para recibir la respuesta que se genere con motivo de su solicitud.<\/p>\n<p style=\"padding-left: 60px;\">6.2.2. El motivo de su solicitud.<\/p>\n<p style=\"padding-left: 60px;\">6.2.3. Los argumentos que sustenten su solicitud o petici\u00f3n.<\/p>\n<p style=\"padding-left: 60px;\">6.2.4. Documento oficial que acredite su identidad y que demuestre que es quien dice ser; y<\/p>\n<p style=\"padding-left: 60px;\">6.2.5. Fecha a partir de la cual, se hace efectiva la revocaci\u00f3n de su consentimiento.<\/p>\n<p style=\"padding-left: 30px;\">6.3. REDHI notificar\u00e1 al titular, en un plazo m\u00e1ximo de 20 (veinte) d\u00edas h\u00e1biles, contados desde la fecha en que se recibi\u00f3 la solicitud sobre el ejercicio de los derechos ARCO, un mensaje que contenga que ha ejecutado de todos los actos tendientes a no tratar los datos personales del titular.<\/p>\n<h5><span style=\"color: #000000;\"><strong>7. MEDIOS PARA EJERCER LOS DERECHOS ARCO.<\/strong><\/span><\/h5>\n<p>En caso de que el USUARIO necesite Acceder, Rectificar, Cancelar u Oponerse a los datos personales que ha proporcionado a trav\u00e9s de las p\u00e1ginas de Internet <a href=\"http:\/\/www.redhi.com\">www.redhi.com<\/a>, el titular-USUARIO, deber\u00e1 seguir el siguiente procedimiento:<\/p>\n<p>&nbsp;<\/p>\n<p>7.1. Enviar un correo electr\u00f3nico en atenci\u00f3n al Responsable, designado en el punto cinco del presente Aviso, mediante el cual ser\u00e1n atendidas dichas solicitudes, se\u00f1alando lo siguiente:<\/p>\n<p style=\"padding-left: 30px;\">7.1.1. El nombre completo del USUARIO, domicilio y correo electr\u00f3nico para recibir la respuesta que se genere con motivo de su solicitud.<\/p>\n<p style=\"padding-left: 30px;\">7.1.2. El motivo de su solicitud.<\/p>\n<p style=\"padding-left: 30px;\">7.1.3. Los argumentos que sustenten su solicitud o petici\u00f3n.<\/p>\n<p style=\"padding-left: 30px;\">7.1.4. Documento oficial que acredite su identidad y que demuestre que es quien dice ser.<\/p>\n<p style=\"padding-left: 30px;\">7.1.5. Descripci\u00f3n clara y precisa de los datos personales respecto de los que se busca ejercer alguno de los derechos ARCO, y cualquier otro elemento o documento que facilite la localizaci\u00f3n de los datos personales.<\/p>\n<p style=\"padding-left: 30px;\">7.1.6. Trat\u00e1ndose de solicitudes de rectificaci\u00f3n de datos personales, el titular- USUARIO deber\u00e1 indicar, adem\u00e1s de lo se\u00f1alado, las modificaciones a realizarse y aportar la documentaci\u00f3n que sustente su petici\u00f3n.<\/p>\n<p style=\"padding-left: 30px;\">.<\/p>\n<p>7.2. REDHI notificar\u00e1 al titular, en un plazo m\u00e1ximo de 20 (veinte) d\u00edas h\u00e1biles, contados desde la fecha en que se recibi\u00f3 la solicitud de acceso, rectificaci\u00f3n, cancelaci\u00f3n u oposici\u00f3n, la resoluci\u00f3n adoptada, a efecto de que, si resulta procedente, se haga efectiva la misma dentro de los quince d\u00edas siguientes a la fecha en que se comunica la respuesta. Trat\u00e1ndose de solicitudes de acceso a datos personales, proceder\u00e1 la entrega previa acreditaci\u00f3n de la identidad del solicitante o representante legal, seg\u00fan corresponda.<\/p>\n<p>&nbsp;<\/p>\n<h5><span style=\"color: #000000;\"><strong>8. TRANSFERENCIA DE DATOS PERSONALES.<\/strong><\/span><\/h5>\n<p>REDHI se obliga a no transferir o compartir los datos a que se refiere el presente AVISO, a favor de terceros. No obstante lo anterior y, en caso de que se presenten vulneraciones de seguridad ocurridas en cualquier fase del tratamiento, que afecten de forma significativa los derechos patrimoniales o morales de los USUARIOS, \u00e9stos ser\u00e1n informadas por correo electr\u00f3nico, de forma inmediata, a fin de que estos \u00faltimos puedan tomar las medidas correspondientes a la defensa de sus derechos, deslindando de cualquier responsabilidad a REDHI, si la vulneraci\u00f3n no es imputable a \u00e9l.<\/p>\n<p>&nbsp;<\/p>\n<h5><span style=\"color: #000000;\"><strong>9. MODIFICACIONES.<\/strong><\/span><\/h5>\n<p>El presente AVISO podr\u00e1 modificarse por REDHI, en el tiempo y forma que \u00e9sta determine, quien notificar\u00e1 a los USUARIOS dicha modificaci\u00f3n mediante env\u00edo de correo electr\u00f3nico a la cuenta proporcionada por el USUARIO a REDHI. Si el USUARIO desactiva o modifica la cuenta de correo electr\u00f3nico que proporcion\u00f3 a REDHI, \u00e9ste no ser\u00e1 responsable de conocer la nueva direcci\u00f3n de correo electr\u00f3nico y ser\u00e1 absoluta responsabilidad del titular enviar una cuenta de correo electr\u00f3nico, para o\u00edr y recibir notificaciones.<\/p>\n<p>As\u00ed mismo, ser\u00e1 responsabilidad del USUARIO revisar este Aviso de Privacidad, el cual estar\u00e1 en todo momento actualizado. La no manifestaci\u00f3n de inconformidad por parte de los USUARIOS representa su consentimiento y autorizaci\u00f3n al mismo en todos sus t\u00e9rminos.<\/p>\n<p>&nbsp;<\/p>\n<h5><span style=\"color: #000000;\"><strong>10. LEY APLICABLE Y JURISDICCI\u00d3N.<\/strong><\/span><\/h5>\n<p>Las partes expresan que el presente aviso, se regir\u00e1 por las disposiciones legales aplicables en la Rep\u00fablica Mexicana, en especial, por lo dispuesto en la Ley Federal de Datos Personales en Posesi\u00f3n de los Particulares. Para el caso de que exista una disputa o controversia, derivada de la interpretaci\u00f3n, ejecuci\u00f3n o cumplimiento del aviso o de cualquiera de los documentos que del mismo se deriven, o que guarden relaci\u00f3n con \u00e9ste, las partes amigablemente, buscar\u00e1n llegar a un acuerdo dentro de un plazo de treinta (30) d\u00edas naturales, contados a partir de la fecha en que surja cualquier diferencia y se notifique por escrito sobre dicho evento a la contraparte, deduciendo el proceso de mediaci\u00f3n ante el Centro de Justicia Alternativa del Distrito Federal, llev\u00e1ndose al amparo de la Ley de Justicia Alternativa del Tribunal Superior de Justicia del Distrito Federal y su Reglamento Interno, vigente al momento de que se presente la controversia.<\/p>\n<p>&nbsp;<\/p>\n<p>En caso de que las partes no lleguen a un acuerdo, convienen en este acto en someter todas las desavenencias que deriven del presente AVISO o de cualquiera de los documentos que del mismo se deriven, o que guarden relaci\u00f3n con \u00e9ste o con aqu\u00e9llos, ser\u00e1n resueltas de manera definitiva se someten a la competencia y leyes de las Autoridades Administrativas Federales o Tribunales de la Ciudad de M\u00e9xico, Distrito Federal renunciando expresamente a cualquier fuero distinto que por razones de sus domicilios presentes o futuros pudieren corresponderles.<\/p>\n<p>&nbsp;<\/p>\n<p style=\"text-align: right;\"><span style=\"color: #99cc00;\"><span style=\"color: #000000;\">Fecha de la \u00faltima actualizaci\u00f3n de este Aviso de Privacidad:<\/span><\/span><br \/>\n<span style=\"color: #000000;\">6 de marzo del 2020<\/span>.<\/p>\n","protected":false},"excerpt":{"rendered":"<p>Fecha de la \u00faltima actualizaci\u00f3n de este Aviso de Privacidad: 6 de marzo del 2020. AVISO DE PRIVACIDAD Relacionado con los Datos Personales, recabados por REDHI: Red Humana Inteligente, SC. D E C L A R A C I O N E S Al ingresar y utilizar este portal de internet, cuyos nombre de dominio [&hellip;]<\/p>\n","protected":false},"author":2,"featured_media":0,"parent":0,"menu_order":0,"comment_status":"closed","ping_status":"closed","template":"","meta":{"footnotes":""},"class_list":["post-3799","page","type-page","status-publish","hentry"],"_links":{"self":[{"href":"https:\/\/redhi.com\/blog\/wp-json\/wp\/v2\/pages\/3799","targetHints":{"allow":["GET"]}}],"collection":[{"href":"https:\/\/redhi.com\/blog\/wp-json\/wp\/v2\/pages"}],"about":[{"href":"https:\/\/redhi.com\/blog\/wp-json\/wp\/v2\/types\/page"}],"author":[{"embeddable":true,"href":"https:\/\/redhi.com\/blog\/wp-json\/wp\/v2\/users\/2"}],"replies":[{"embeddable":true,"href":"https:\/\/redhi.com\/blog\/wp-json\/wp\/v2\/comments?post=3799"}],"version-history":[{"count":44,"href":"https:\/\/redhi.com\/blog\/wp-json\/wp\/v2\/pages\/3799\/revisions"}],"predecessor-version":[{"id":6248,"href":"https:\/\/redhi.com\/blog\/wp-json\/wp\/v2\/pages\/3799\/revisions\/6248"}],"wp:attachment":[{"href":"https:\/\/redhi.com\/blog\/wp-json\/wp\/v2\/media?parent=3799"}],"curies":[{"name":"wp","href":"https:\/\/api.w.org\/{rel}","templated":true}]}}