{"id":3393,"date":"2013-02-07T10:58:50","date_gmt":"2013-02-07T16:58:50","guid":{"rendered":"http:\/\/themes.devatic.com\/daisho\/?page_id=3393"},"modified":"2022-05-25T01:26:51","modified_gmt":"2022-05-25T06:26:51","slug":"top","status":"publish","type":"page","link":"https:\/\/redhi.com\/blog\/top\/","title":{"rendered":"About Top"},"content":{"rendered":"<h2 class=\"grid_12\">\u00bfQu\u00e9 significa REDHI?<\/h2>\n<div class=\"grid_6\">La escribimos REDHI<br \/>\n<a style=\"text-decoration: none; color: #333;\" href=\"https:\/\/chiefessays.net\/literature-review-examples\/\">https:\/\/chiefessays.net\/literature-review-examples\/<\/a> <a style=\"text-decoration: none; color: #333;\" href=\"https:\/\/theessayclub.com\/demonstration-speech-topics\/\">demonstration example<\/a><br \/>\nLa pronunciamos del ingl\u00e9s READY. La entendemos como&#8230;<\/p>\n<ol>\n<li>Estar preparado para alguna experiencia o acci\u00f3n.<\/li>\n<li>Estar esta dispuesto a.<\/li>\n<\/ol>\n<\/div>\n<p><a style=\"text-decoration: none; color: #333;\" href=\"https:\/\/chiefessays.net\/literature-review-examples\/\">https:\/\/chiefessays.net\/literature-review-examples\/<\/a> <a style=\"text-decoration: none; color: #333;\" href=\"https:\/\/theessayclub.com\/demonstration-speech-topics\/\">demonstration example<\/a><\/p>\n<div class=\"grid_6 last\">En REDHI estamos listos !!&#8230;<br \/>\n&#8230; para explorar oportunidades, entender contextos, proponer caminos, dise\u00f1ar con buenas pr\u00e1cticas, desarrollar en los tiempos e implementar con resultados, intervenciones sist\u00e9micas que generen eficiencia y desarrollo organizacional.<\/div>\n","protected":false},"excerpt":{"rendered":"<p>\u00bfQu\u00e9 significa REDHI? La escribimos REDHI https:\/\/chiefessays.net\/literature-review-examples\/ demonstration example La pronunciamos del ingl\u00e9s READY. La entendemos como&#8230; Estar preparado para alguna experiencia o acci\u00f3n. Estar esta dispuesto a. https:\/\/chiefessays.net\/literature-review-examples\/ demonstration example En REDHI estamos listos !!&#8230; &#8230; para explorar oportunidades, entender contextos, proponer caminos, dise\u00f1ar con buenas pr\u00e1cticas, desarrollar en los tiempos e implementar con [&hellip;]<\/p>\n","protected":false},"author":2,"featured_media":0,"parent":0,"menu_order":0,"comment_status":"closed","ping_status":"closed","template":"","meta":{"footnotes":""},"class_list":["post-3393","page","type-page","status-publish","hentry"],"_links":{"self":[{"href":"https:\/\/redhi.com\/blog\/wp-json\/wp\/v2\/pages\/3393","targetHints":{"allow":["GET"]}}],"collection":[{"href":"https:\/\/redhi.com\/blog\/wp-json\/wp\/v2\/pages"}],"about":[{"href":"https:\/\/redhi.com\/blog\/wp-json\/wp\/v2\/types\/page"}],"author":[{"embeddable":true,"href":"https:\/\/redhi.com\/blog\/wp-json\/wp\/v2\/users\/2"}],"replies":[{"embeddable":true,"href":"https:\/\/redhi.com\/blog\/wp-json\/wp\/v2\/comments?post=3393"}],"version-history":[{"count":39,"href":"https:\/\/redhi.com\/blog\/wp-json\/wp\/v2\/pages\/3393\/revisions"}],"predecessor-version":[{"id":6360,"href":"https:\/\/redhi.com\/blog\/wp-json\/wp\/v2\/pages\/3393\/revisions\/6360"}],"wp:attachment":[{"href":"https:\/\/redhi.com\/blog\/wp-json\/wp\/v2\/media?parent=3393"}],"curies":[{"name":"wp","href":"https:\/\/api.w.org\/{rel}","templated":true}]}}