{"id":2455,"date":"2012-03-01T13:27:16","date_gmt":"2012-03-01T13:27:16","guid":{"rendered":"http:\/\/themes.devatic.com\/konzept\/?page_id=2"},"modified":"2013-03-04T23:12:40","modified_gmt":"2013-03-05T05:12:40","slug":"servicios","status":"publish","type":"page","link":"https:\/\/redhi.com\/blog\/servicios\/","title":{"rendered":"Servicios"},"content":{"rendered":"<p>[content_block title=&#8221;Coaching Ejecutivo + Coaching Equipos de Trabajo&#8221; ]<img loading=\"lazy\" decoding=\"async\" class=\"alignright  wp-image-4553\" alt=\"brujula\" src=\"http:\/\/redhi.com\/blog\/wp-content\/upLoads\/images\/2013\/03\/pleca_roja_brujula1.png\" width=\"340\" height=\"80\" \/><strong>Acompa\u00f1amos + impulsamos<br \/>\n+ reflexionamos + provocamos&#8230;<\/strong><\/p>\n<p>CONFIANZA para:<\/p>\n<p>\u2022 Focalizar RESOLUCIONES<\/p>\n<p>\u2022 Mejorar la TOMA DE DECISIONES<\/p>\n<p>\u2022 Construir IDEAS QUE FUNCIONAN, y<\/p>\n<p>\u2022 Perfeccionar tu DESEMPE\u00d1O como LIDER.<br \/>\n[\/content_block]<\/p>\n<p>[content_block title=&#8221;Consultor\u00eda Sist\u00e9mica en Desarrollo O&#8221; ]<br \/>\n<img loading=\"lazy\" decoding=\"async\" class=\"alignright size-full wp-image-4558\" alt=\"ojo\" src=\"http:\/\/redhi.com\/blog\/wp-content\/upLoads\/images\/2013\/03\/pleca_naranja_ojo1.png\" width=\"340\" height=\"80\" \/><strong>Todo es Causa-Efecto !<\/strong><\/p>\n<p>&nbsp;<\/p>\n<p>Analizamos, Indagamos, proponemos y<br \/>\nrealizamos intervenciones sist\u00e9micas<br \/>\nen Desarrollo Organizacional.<br \/>\n<strong>Nuestro foco:<br \/>\nMejorar el Desempe\u00f1o.[\/content_block]<\/strong><\/p>\n<p>[content_block title=&#8221;Experiencias de Descubrimiento &amp; Simuladores&#8221; ]<img loading=\"lazy\" decoding=\"async\" class=\"alignright size-full wp-image-4557\" alt=\"magic\" src=\"http:\/\/redhi.com\/blog\/wp-content\/upLoads\/images\/2013\/03\/pleca_amarilla_varita1.png\" width=\"340\" height=\"80\" \/><strong>Perfeccionamos habilidades<br \/>\ny competencias de management !<br \/>\n<\/strong><\/p>\n<p>Nuestro modelo de aprendizaje experiencial, acelera descubrimientos y puestas en<br \/>\npr\u00e1ctica.[\/content_block]<\/p>\n<p>[content_block title=&#8221;Conferencias &amp; Convenciones + Kick Offs&#8221; icon=&#8221;&#8221;]<img loading=\"lazy\" decoding=\"async\" class=\"alignright size-full wp-image-4554\" alt=\"descarga\" src=\"http:\/\/redhi.com\/blog\/wp-content\/upLoads\/images\/2013\/03\/pleca_rosa_descarga1.png\" width=\"340\" height=\"80\" \/><strong>Somos las historias que nos contamos !<\/strong><\/p>\n<p>Dise\u00f1amos historias con impacto para tu convenci\u00f3n, sesi\u00f3n de trabajo o ciclo de desarrollo: Misi\u00f3n, Valores, Logros en Ventas, Desarrollo, Retos, &#8230;[\/content_block]<\/p>\n<p>[content_block title=&#8221;Dise\u00f1o de Documentos de Negocio&#8221; icon=&#8221;&#8221;]<img loading=\"lazy\" decoding=\"async\" class=\"alignright size-full wp-image-4555\" alt=\"hoja\" src=\"http:\/\/redhi.com\/blog\/wp-content\/upLoads\/images\/2013\/03\/pleca_morada_hoja1.png\" width=\"340\" height=\"80\" \/><strong>Producci\u00f3n y Edici\u00f3n de Contenidos.<br \/>\n<\/strong><\/p>\n<p>Manuales de Inducci\u00f3n + Pol\u00edticas + Procesos + Procedimientos + Guias de Buenas Pr\u00e1cticas + &#8230;[\/content_block]<\/p>\n<p>[content_block title=&#8221;S\u00edntesis de Libros de Management: Bestsellers&#8221; icon=&#8221;&#8221;]<img loading=\"lazy\" decoding=\"async\" class=\"alignright size-full wp-image-4559\" alt=\"pila\" src=\"http:\/\/redhi.com\/blog\/wp-content\/upLoads\/images\/2013\/03\/pleca_azul_pila1.png\" width=\"340\" height=\"80\" \/><strong>Muchos Buenos Libros de Negocio y Muy Poco Tiempo !!<br \/>\n<\/strong><\/p>\n<p>En s\u00edntesis&#8230; enfocamos su pensamiento ![\/content_block]<\/p>\n<p>[content_block title=&#8221;Estudios sobre la Experiencia del Consumidor&#8221; icon=&#8221;&#8221;]<img loading=\"lazy\" decoding=\"async\" class=\"alignright size-full wp-image-4556\" alt=\"lentes\" src=\"http:\/\/redhi.com\/blog\/wp-content\/upLoads\/images\/2013\/03\/pleca_verde_lentes1.png\" width=\"340\" height=\"80\" \/><strong>Entrevistas cualitativas<\/strong> que incorporan la valoraci\u00f3n de su desempe\u00f1o desde el punto de vista del cliente.[\/content_block]<\/p>\n","protected":false},"excerpt":{"rendered":"<p>[content_block title=&#8221;Coaching Ejecutivo + Coaching Equipos de Trabajo&#8221; ]Acompa\u00f1amos + impulsamos + reflexionamos + provocamos&#8230; CONFIANZA para: \u2022 Focalizar RESOLUCIONES \u2022 Mejorar la TOMA DE DECISIONES \u2022 Construir IDEAS QUE FUNCIONAN, y \u2022 Perfeccionar tu DESEMPE\u00d1O como LIDER. [\/content_block] [content_block title=&#8221;Consultor\u00eda Sist\u00e9mica en Desarrollo O&#8221; ] Todo es Causa-Efecto ! &nbsp; Analizamos, Indagamos, proponemos y [&hellip;]<\/p>\n","protected":false},"author":2,"featured_media":0,"parent":0,"menu_order":0,"comment_status":"closed","ping_status":"closed","template":"template-content-slider.php","meta":{"footnotes":""},"class_list":["post-2455","page","type-page","status-publish","hentry"],"_links":{"self":[{"href":"https:\/\/redhi.com\/blog\/wp-json\/wp\/v2\/pages\/2455","targetHints":{"allow":["GET"]}}],"collection":[{"href":"https:\/\/redhi.com\/blog\/wp-json\/wp\/v2\/pages"}],"about":[{"href":"https:\/\/redhi.com\/blog\/wp-json\/wp\/v2\/types\/page"}],"author":[{"embeddable":true,"href":"https:\/\/redhi.com\/blog\/wp-json\/wp\/v2\/users\/2"}],"replies":[{"embeddable":true,"href":"https:\/\/redhi.com\/blog\/wp-json\/wp\/v2\/comments?post=2455"}],"version-history":[{"count":180,"href":"https:\/\/redhi.com\/blog\/wp-json\/wp\/v2\/pages\/2455\/revisions"}],"predecessor-version":[{"id":5001,"href":"https:\/\/redhi.com\/blog\/wp-json\/wp\/v2\/pages\/2455\/revisions\/5001"}],"wp:attachment":[{"href":"https:\/\/redhi.com\/blog\/wp-json\/wp\/v2\/media?parent=2455"}],"curies":[{"name":"wp","href":"https:\/\/api.w.org\/{rel}","templated":true}]}}