{"id":21,"date":"2015-04-10T17:23:32","date_gmt":"2015-04-10T23:23:32","guid":{"rendered":"http:\/\/192.168.1.104\/enfold-photography\/?page_id=21"},"modified":"2016-04-20T13:47:50","modified_gmt":"2016-04-20T19:47:50","slug":"somos","status":"publish","type":"page","link":"https:\/\/redhi.com\/blog\/","title":{"rendered":"Somos"},"content":{"rendered":"<div id='full_slider_1'  class='avia-fullwidth-slider main_color avia-shadow   avia-builder-el-0  el_before_av_layout_row  avia-builder-el-first   container_wrap fullsize'  >\n<style type=\"text\/css\" data-created_by=\"avia_inline_auto\" id=\"style-css-av-av_slideshow_full-88a291dec6147b678e99e1277cb996b1\">\n#top #wrap_all .avia-slideshow .av-slideshow-caption.av-av_slideshow_full-88a291dec6147b678e99e1277cb996b1__0 .avia-caption-title{\ncolor:#cd0000;\n}\n#top .avia-slideshow .av-slideshow-caption.av-av_slideshow_full-88a291dec6147b678e99e1277cb996b1__0 .avia-caption-content{\ncolor:#b02b2c;\n}\n<\/style>\n<div  class='avia-slideshow av-av_slideshow_full-88a291dec6147b678e99e1277cb996b1 avia-slideshow-featured_large av_slideshow_full avia-fade-slider av-slideshow-ui av-control-minimal av-slideshow-manual av-loop-once av-loop-manual-endless av-default-height-applied   avia-slideshow-1' data-slideshow-options=\"{&quot;animation&quot;:&quot;fade&quot;,&quot;autoplay&quot;:false,&quot;loop_autoplay&quot;:&quot;once&quot;,&quot;interval&quot;:5,&quot;loop_manual&quot;:&quot;manual-endless&quot;,&quot;autoplay_stopper&quot;:false,&quot;noNavigation&quot;:false,&quot;bg_slider&quot;:false,&quot;keep_padding&quot;:false,&quot;hoverpause&quot;:false,&quot;show_slide_delay&quot;:0}\"  itemprop=\"image\" itemscope=\"itemscope\" itemtype=\"https:\/\/schema.org\/ImageObject\" ><ul class='avia-slideshow-inner ' style='padding-bottom: 42%;'><li  class='avia-slideshow-slide av-av_slideshow_full-88a291dec6147b678e99e1277cb996b1__0  av-single-slide slide-1 slide-odd'><div data-rel='slideshow-1' class='avia-slide-wrap '   ><div class='av-slideshow-caption av-av_slideshow_full-88a291dec6147b678e99e1277cb996b1__0 caption_fullwidth caption_right'><div class=\"container caption_container\"><div class=\"slideshow_caption\"><div class=\"slideshow_inner_caption\"><div class=\"slideshow_align_caption\"><h2 class='avia-caption-title '  itemprop=\"name\" >No son las respuestas ciertas... son las preguntas correctas, las que te inspiran !<\/h2><\/div><\/div><\/div><\/div><\/div><img decoding=\"async\" fetchpriority=\"high\" class=\"wp-image-5124 avia-img-lazy-loading-not-5124\"  src=\"https:\/\/redhi.com\/blog\/wp-content\/upLoads\/images\/2014\/09\/LL-redhihub10-1500x630.jpg\" width=\"1500\" height=\"630\" title='LL redhihub10' alt=''  itemprop=\"thumbnailUrl\"   \/><\/div><\/li><\/ul><\/div><\/div>\n<div id='av-layout-grid-1'  class='av-layout-grid-container av-av_layout_row-44862bdf67ddfac6fa09da91f8f0e59b entry-content-wrapper main_color av-flex-cells  avia-builder-el-1  el_after_av_slideshow_full  el_before_av_section  grid-row-not-first  container_wrap fullsize'  >\n\n<style type=\"text\/css\" data-created_by=\"avia_inline_auto\" id=\"style-css-av-av_cell_one_fourth-e50991fd6d904191118d3671aa562f86\">\n.flex_cell.av-av_cell_one_fourth-e50991fd6d904191118d3671aa562f86{\nvertical-align:top;\n}\n.responsive #top #wrap_all .flex_cell.av-av_cell_one_fourth-e50991fd6d904191118d3671aa562f86{\npadding:30px 30px 30px 30px !important;\n}\n<\/style>\n<div class='flex_cell av-av_cell_one_fourth-e50991fd6d904191118d3671aa562f86 av-gridrow-cell av_one_fourth no_margin  avia-builder-el-2  el_before_av_cell_one_fourth  avia-builder-el-first  content-align-top'  ><div class='flex_cell_inner'><article  class='iconbox iconbox_left av-av_icon_box-bbd9e38161fbcfed2cedc4ea463b0a01  avia-builder-el-3  el_before_av_button  avia-builder-el-first '  itemscope=\"itemscope\" itemtype=\"https:\/\/schema.org\/CreativeWork\" ><div class=\"iconbox_content\"><header class=\"entry-content-header\" aria-label=\"Icon: Qui\u00e9nes Somos\"><div class='iconbox_icon heading-color avia-iconfont avia-font-entypo-fontello' data-av_icon='\ue82a' data-av_iconfont='entypo-fontello'  ><\/div><h3 class='iconbox_content_title '  itemprop=\"headline\" >Qui\u00e9nes Somos<\/h3><\/header><div class='iconbox_content_container '  itemprop=\"text\" ><hr \/>\n<p>Un incre\u00edble equipo de dise\u00f1adores + consultores + coaches, quienes son guiados por el perfeccionismo y la urgencia de <span style=\"background-color: yellow;\">crear espacios de reflexi\u00f3n y aprendizaje<\/span> que nuestros clientes amen.<\/p>\n<\/div><\/div><footer class=\"entry-footer\"><\/footer><\/article><br \/>\n<div  class='avia-button-wrap av-av_button-9e46a93fe0d33f47df064dca10854ead-wrap avia-button-right  avia-builder-el-4  el_after_av_icon_box  avia-builder-el-last '><a href='https:\/\/redhi.com\/blog\/somos\/tipping-pointers\/'  class='avia-button av-av_button-9e46a93fe0d33f47df064dca10854ead av-link-btn avia-icon_select-no avia-size-large avia-position-right avia-color-theme-color'   aria-label=\"Con\u00f3cenos\"><span class='avia_iconbox_title' >Con\u00f3cenos<\/span><\/a><\/div><\/p>\n<\/div><\/div>\n<style type=\"text\/css\" data-created_by=\"avia_inline_auto\" id=\"style-css-av-av_cell_one_fourth-ab032cefe129b34e8ada7951192ba2ac\">\n.flex_cell.av-av_cell_one_fourth-ab032cefe129b34e8ada7951192ba2ac{\nvertical-align:top;\nbackground-color:#f7f7f7;\n}\n.responsive #top #wrap_all .flex_cell.av-av_cell_one_fourth-ab032cefe129b34e8ada7951192ba2ac{\npadding:30px 30px 30px 30px !important;\n}\n<\/style>\n<div class='flex_cell av-av_cell_one_fourth-ab032cefe129b34e8ada7951192ba2ac av-gridrow-cell av_one_fourth no_margin  avia-builder-el-5  el_after_av_cell_one_fourth  el_before_av_cell_one_fourth  content-align-top'  ><div class='flex_cell_inner'><article  class='iconbox iconbox_left av-av_icon_box-140401c28b055ecd100dfec30594a1b0  avia-builder-el-6  avia-builder-el-no-sibling '  itemscope=\"itemscope\" itemtype=\"https:\/\/schema.org\/CreativeWork\" ><div class=\"iconbox_content\"><header class=\"entry-content-header\" aria-label=\"Icon: Qu\u00e9 Hacemos\"><div class='iconbox_icon heading-color avia-iconfont avia-font-entypo-fontello' data-av_icon='\ue80c' data-av_iconfont='entypo-fontello'  ><\/div><h3 class='iconbox_content_title '  itemprop=\"headline\" >Qu\u00e9 Hacemos<\/h3><\/header><div class='iconbox_content_container '  itemprop=\"text\" ><hr \/>\n<p>Construimos los contextos para hacer surgir el <strong>TALENTO<\/strong>. A trav\u00e9s de:<\/p>\n<ul>\n<li>Estrategias de Pensamiento<\/li>\n<li>Coaching Ejecutivo<\/li>\n<li>Talleres de Liderazgo Extraordinario.<\/li>\n<li>Talleres de Trabajo en Equipo.<\/li>\n<li>Conferencias.<\/li>\n<\/ul>\n<\/div><\/div><footer class=\"entry-footer\"><\/footer><\/article>\n<\/div><\/div>\n<style type=\"text\/css\" data-created_by=\"avia_inline_auto\" id=\"style-css-av-av_cell_one_fourth-a8d122f92d1f24609805db39e1635d7a\">\n.flex_cell.av-av_cell_one_fourth-a8d122f92d1f24609805db39e1635d7a{\nvertical-align:top;\nbackground-color:#eaeaea;\n}\n.responsive #top #wrap_all .flex_cell.av-av_cell_one_fourth-a8d122f92d1f24609805db39e1635d7a{\npadding:30px 30px 30px 30px !important;\n}\n<\/style>\n<div class='flex_cell av-av_cell_one_fourth-a8d122f92d1f24609805db39e1635d7a av-gridrow-cell av_one_fourth no_margin  avia-builder-el-7  el_after_av_cell_one_fourth  el_before_av_cell_one_fourth  content-align-top'  ><div class='flex_cell_inner'><article  class='iconbox iconbox_left av-av_icon_box-3e235ac71e80729451d59256c1bac286  avia-builder-el-8  avia-builder-el-no-sibling '  itemscope=\"itemscope\" itemtype=\"https:\/\/schema.org\/CreativeWork\" ><div class=\"iconbox_content\"><header class=\"entry-content-header\" aria-label=\"Icon: Por qu\u00e9 lo Hacemos\"><div class='iconbox_icon heading-color avia-iconfont avia-font-entypo-fontello' data-av_icon='\ue806' data-av_iconfont='entypo-fontello'  ><\/div><h3 class='iconbox_content_title '  itemprop=\"headline\" >Por qu\u00e9 lo Hacemos<\/h3><\/header><div class='iconbox_content_container '  itemprop=\"text\" ><hr \/>\n<p>Porque nos apasiona la b\u00fasqueda de&#8230;<\/p>\n<p>\u2022 lo bueno<\/p>\n<p>\u2022 lo mejor<\/p>\n<p>\u2022 lo perfecto<\/p>\n<p>&#8230; para alcanzar el <span style=\"background-color: yellow;\">m\u00e1ximo potencial de la persona<\/span>.<\/p>\n<\/div><\/div><footer class=\"entry-footer\"><\/footer><\/article>\n<\/div><\/div>\n<style type=\"text\/css\" data-created_by=\"avia_inline_auto\" id=\"style-css-av-av_cell_one_fourth-a8d122f92d1f24609805db39e1635d7a\">\n.flex_cell.av-av_cell_one_fourth-a8d122f92d1f24609805db39e1635d7a{\nvertical-align:top;\nbackground-color:#eaeaea;\n}\n.responsive #top #wrap_all .flex_cell.av-av_cell_one_fourth-a8d122f92d1f24609805db39e1635d7a{\npadding:30px 30px 30px 30px !important;\n}\n<\/style>\n<div class='flex_cell av-av_cell_one_fourth-a8d122f92d1f24609805db39e1635d7a av-gridrow-cell av_one_fourth no_margin  avia-builder-el-9  el_after_av_cell_one_fourth  avia-builder-el-last  content-align-top'  ><div class='flex_cell_inner'><article  class='iconbox iconbox_left av-av_icon_box-43aa1b75fe286ffce4d0fcca107c996d  avia-builder-el-10  avia-builder-el-no-sibling '  itemscope=\"itemscope\" itemtype=\"https:\/\/schema.org\/CreativeWork\" ><div class=\"iconbox_content\"><header class=\"entry-content-header\" aria-label=\"Icon: Desde Cu\u00e1ndo\"><div class='iconbox_icon heading-color avia-iconfont avia-font-entypo-fontello' data-av_icon='\ue862' data-av_iconfont='entypo-fontello'  ><\/div><h3 class='iconbox_content_title '  itemprop=\"headline\" >Desde Cu\u00e1ndo<\/h3><\/header><div class='iconbox_content_container '  itemprop=\"text\" ><hr \/>\n<p>redhi.com arranc\u00f3 operaciones en el 2000 como un sitio que ofrec\u00eda S\u00edntesis Ejecutivas de Libros de Management.<\/p>\n<p>Ahora, nuestro EJE &#8211; El Desarrollo del M\u00e1ximo Potencial de la Persona, inici\u00f3 en el 2003.<\/p>\n<\/div><\/div><footer class=\"entry-footer\"><\/footer><\/article>\n<\/div><\/div><\/div>\n<style type=\"text\/css\" data-created_by=\"avia_inline_auto\" id=\"style-css-av-av_section-e147b7decdf56c3042fdb0aad21385f4\">\n.avia-section.av-av_section-e147b7decdf56c3042fdb0aad21385f4{\nbackground-color:#ffcc00;\nbackground-image:unset;\n}\n.avia-section.av-av_section-e147b7decdf56c3042fdb0aad21385f4 .av-extra-border-element .av-extra-border-inner{\nbackground-color:#ffcc00;\n}\n<\/style>\n<div id='av_section_1'  class='avia-section av-av_section-e147b7decdf56c3042fdb0aad21385f4 main_color avia-section-default avia-no-border-styling  avia-builder-el-11  el_after_av_layout_row  el_before_av_layout_row  avia-bg-style-scroll av-arrow-down-section container_wrap fullsize'  ><div class='container av-section-cont-open' ><div class='template-page content  av-content-full alpha units'><div class='post-entry post-entry-type-page post-entry-21'><div class='entry-content-wrapper clearfix'>\n<div  class='flex_column av-av_one_fifth-2a9015ff38129c418a3f2eafba3e9512 av_one_fifth  avia-builder-el-12  el_before_av_one_fifth  avia-builder-el-first  first flex_column_div  '     ><div  class=\"avia-animated-number av-av_animated_numbers-892bafee4aa07f24c561e1475d1f9052 av-force-default-color avia_animate_when_visible  avia-builder-el-13  avia-builder-el-no-sibling  avia-color-font-dark \" data-timer=\"3000\"><strong class=\"heading avia-animated-number-title\"><span class=\"avia-single-number __av-single-number\" data-number_format=\"\" data-number=\"101\" data-start_from=\"0\">101<\/span><\/strong><div class=\"avia-animated-number-content\"><p>Clientes Felices<\/p>\n<\/div><\/div><\/div><div  class='flex_column av-av_one_fifth-b51168870d26eac9084c0e2dc495efe0 av_one_fifth  avia-builder-el-14  el_after_av_one_fifth  el_before_av_one_fifth  flex_column_div  '     ><div  class=\"avia-animated-number av-av_animated_numbers-400dc31431c7b4490827469da5d24d28 av-force-default-color avia_animate_when_visible  avia-builder-el-15  avia-builder-el-no-sibling  avia-color-font-dark \" data-timer=\"3000\"><strong class=\"heading avia-animated-number-title\"><span class=\"avia-single-number __av-single-number\" data-number_format=\"\" data-number=\"26\" data-start_from=\"0\">26<\/span><span class=\"avia-no-number\">,<\/span><span class=\"avia-single-number __av-single-number\" data-number_format=\"\" data-number=\"421\" data-start_from=\"0\">421<\/span><span class=\"avia-no-number\"> h<\/span><\/strong><div class=\"avia-animated-number-content\"><p>Investigaci\u00f3n + Dise\u00f1o + Entrenamiento + Coaching<\/p>\n<\/div><\/div><\/div><div  class='flex_column av-av_one_fifth-b51168870d26eac9084c0e2dc495efe0 av_one_fifth  avia-builder-el-16  el_after_av_one_fifth  el_before_av_one_fifth  flex_column_div  '     ><div  class=\"avia-animated-number av-av_animated_numbers-9dcac1e43b8ff89f141be6b75716679d av-force-default-color avia_animate_when_visible  avia-builder-el-17  avia-builder-el-no-sibling  avia-color-font-dark \" data-timer=\"3000\"><strong class=\"heading avia-animated-number-title\"><span class=\"avia-single-number __av-single-number\" data-number_format=\"\" data-number=\"82\" data-start_from=\"0\">82<\/span><span class=\"avia-no-number\">%<\/span><\/strong><div class=\"avia-animated-number-content\"><p>Clientes nos Recomienda<\/p>\n<\/div><\/div><\/div><div  class='flex_column av-av_one_fifth-b51168870d26eac9084c0e2dc495efe0 av_one_fifth  avia-builder-el-18  el_after_av_one_fifth  el_before_av_one_fifth  flex_column_div  '     ><div  class=\"avia-animated-number av-av_animated_numbers-71ee5000ae14be0721b6b650452d4cba av-force-default-color avia_animate_when_visible  avia-builder-el-19  avia-builder-el-no-sibling  avia-color-font-dark \" data-timer=\"3000\"><strong class=\"heading avia-animated-number-title\"><span class=\"avia-single-number __av-single-number\" data-number_format=\"\" data-number=\"71\" data-start_from=\"0\">71<\/span><span class=\"avia-no-number\">%<\/span><\/strong><div class=\"avia-animated-number-content\"><p>Clientes Re-Compran<\/p>\n<\/div><\/div><\/div><div  class='flex_column av-av_one_fifth-b51168870d26eac9084c0e2dc495efe0 av_one_fifth  avia-builder-el-20  el_after_av_one_fifth  avia-builder-el-last  flex_column_div  '     ><div  class=\"avia-animated-number av-av_animated_numbers-0ecf4fd20a7ab708333f525bfa94be1d av-force-default-color avia_animate_when_visible  avia-builder-el-21  avia-builder-el-no-sibling  avia-color-font-dark \" data-timer=\"3000\"><strong class=\"heading avia-animated-number-title\"><span class=\"avia-single-number __av-single-number\" data-number_format=\"\" data-number=\"147\" data-start_from=\"0\">147<\/span><span class=\"avia-no-number\">%<\/span><\/strong><div class=\"avia-animated-number-content\"><p>Retorno de Inversi\u00f3n<\/p>\n<\/div><\/div><\/div>\n<\/p>\n<\/div><\/div><\/div><!-- close content main div --><\/div><div class='av-extra-border-element border-extra-arrow-down'><div class='av-extra-border-outer'><div class='av-extra-border-inner'><\/div><\/div><\/div><\/div><div id='av-layout-grid-2'  class='av-layout-grid-container av-av_layout_row-000014bbaf6dd6ec1745b2dd8360cb6f entry-content-wrapper main_color av-flex-cells  avia-builder-el-22  el_after_av_section  el_before_av_layout_row  grid-row-not-first  container_wrap fullsize'  >\n\n<style type=\"text\/css\" data-created_by=\"avia_inline_auto\" id=\"style-css-av-av_cell_one_half-59457da19f1ced2bab5375a9d6d3eb59\">\n.flex_cell.av-av_cell_one_half-59457da19f1ced2bab5375a9d6d3eb59{\nvertical-align:top;\nheight:400px;\nmin-height:400px;\nbackground:url(https:\/\/redhi.com\/blog\/wp-content\/upLoads\/images\/2014\/09\/imagen0181-1030x729.jpg) 50% 50% no-repeat scroll ;\n}\n.responsive #top #wrap_all .flex_cell.av-av_cell_one_half-59457da19f1ced2bab5375a9d6d3eb59{\npadding:30px 30px 30px 30px !important;\n}\n<\/style>\n<div class='flex_cell av-av_cell_one_half-59457da19f1ced2bab5375a9d6d3eb59 av-gridrow-cell av_one_half no_margin  avia-builder-el-23  el_before_av_cell_one_half  avia-builder-el-first  content-align-top avia-full-stretch'  ><div class='flex_cell_inner'><\/div><\/div>\n<style type=\"text\/css\" data-created_by=\"avia_inline_auto\" id=\"style-css-av-av_cell_one_half-82ab9844c15284ab59e8ae066d76f749\">\n.flex_cell.av-av_cell_one_half-82ab9844c15284ab59e8ae066d76f749{\nvertical-align:top;\nheight:400px;\nmin-height:400px;\nbackground:url(https:\/\/redhi.com\/blog\/wp-content\/upLoads\/images\/2014\/08\/mountain-845x289.jpg) 50% 50% no-repeat scroll ;\n}\n.responsive #top #wrap_all .flex_cell.av-av_cell_one_half-82ab9844c15284ab59e8ae066d76f749{\npadding:30px 30px 30px 30px !important;\n}\n<\/style>\n<div class='flex_cell av-av_cell_one_half-82ab9844c15284ab59e8ae066d76f749 av-gridrow-cell av_one_half no_margin  avia-builder-el-24  el_after_av_cell_one_half  avia-builder-el-last  content-align-top avia-full-stretch'  ><div class='flex_cell_inner'><\/div><\/div>\n<\/div>\n<div id='av-layout-grid-3'  class='av-layout-grid-container av-av_layout_row-44862bdf67ddfac6fa09da91f8f0e59b entry-content-wrapper main_color av-flex-cells  avia-builder-el-25  el_after_av_layout_row  avia-builder-el-last  grid-row-not-first  container_wrap fullsize'  >\n\n<style type=\"text\/css\" data-created_by=\"avia_inline_auto\" id=\"style-css-av-av_cell_three_fourth-6732929dc6d3841cc208166e1a037cea\">\n.flex_cell.av-av_cell_three_fourth-6732929dc6d3841cc208166e1a037cea{\nvertical-align:top;\n}\n.responsive #top #wrap_all .flex_cell.av-av_cell_three_fourth-6732929dc6d3841cc208166e1a037cea{\npadding:40px 40px 40px 40px !important;\n}\n<\/style>\n<div class='flex_cell av-av_cell_three_fourth-6732929dc6d3841cc208166e1a037cea av-gridrow-cell av_three_fourth no_margin  avia-builder-el-26  el_before_av_cell_one_fourth  avia-builder-el-first  content-align-top'  ><div class='flex_cell_inner'><p>\n<style type=\"text\/css\" data-created_by=\"avia_inline_auto\" id=\"style-css-av-av_heading-f720895cd9211e24c9eb084baf6d6465\">\n#top .av-special-heading.av-av_heading-f720895cd9211e24c9eb084baf6d6465{\npadding-bottom:10px;\n}\nbody .av-special-heading.av-av_heading-f720895cd9211e24c9eb084baf6d6465 .av-special-heading-tag .heading-char{\nfont-size:25px;\n}\n.av-special-heading.av-av_heading-f720895cd9211e24c9eb084baf6d6465 .av-subheading{\nfont-size:15px;\n}\n<\/style>\n<div  class='av-special-heading av-av_heading-f720895cd9211e24c9eb084baf6d6465 av-special-heading-h3  avia-builder-el-27  el_before_av_one_third  avia-builder-el-first '><h3 class='av-special-heading-tag '  itemprop=\"headline\"  >Por el Resignificado de Nuestras Conversaciones<\/h3><div class=\"special-heading-border\"><div class=\"special-heading-inner-border\"><\/div><\/div><\/div><br \/>\n<div  class='flex_column av-av_one_third-2a9015ff38129c418a3f2eafba3e9512 av_one_third  avia-builder-el-28  el_after_av_heading  el_before_av_one_third  first flex_column_div  '     ><section  class='av_textblock_section av-av_textblock-0366cc7376be6c9e82a3e9cc8987b64f '   itemscope=\"itemscope\" itemtype=\"https:\/\/schema.org\/CreativeWork\" ><div class='avia_textblock'  itemprop=\"text\" ><p><span style=\"color: #ff0000;\">\u2665<\/span> Creemos que las palabras crean mundos.<\/p>\n<p><span style=\"color: #ff0000;\">\u2665<\/span> Creemos que una historia puede cambiar una vida.<\/p>\n<p><span style=\"color: #ff0000;\">\u2665<\/span> Creemos que la realidad no es s\u00f3lida, sino moldeable.<\/p>\n<p><span style=\"color: #ff0000;\">\u2665<\/span> Creemos que todo depende de la perspectiva y la percepci\u00f3n.<\/p>\n<p><span style=\"color: #ff0000;\">\u2665<\/span> Creemos que la mayor\u00eda de los problemas (o milagros) del mundo, si no todos, existen por las historias que nos contamos a nosotros mismos y a otros.<\/p>\n<\/div><\/section><\/div><div  class='flex_column av-av_one_third-b51168870d26eac9084c0e2dc495efe0 av_one_third  avia-builder-el-30  el_after_av_one_third  el_before_av_one_third  flex_column_div  '     ><section  class='av_textblock_section av-av_textblock-0366cc7376be6c9e82a3e9cc8987b64f '   itemscope=\"itemscope\" itemtype=\"https:\/\/schema.org\/CreativeWork\" ><div class='avia_textblock'  itemprop=\"text\" ><p><span style=\"color: #ff0000;\">\u2665<\/span> Creemos que nuestras dificultades y oportunidades se encuentran en nuestra versi\u00f3n de la realidad, no en la realidad misma.<\/p>\n<p><span style=\"color: #ff0000;\">\u2665<\/span> Creemos que cada uno de nosotros crea su propia versi\u00f3n de la realidad.<\/p>\n<p><span style=\"color: #ff0000;\">\u2665<\/span> Creemos que necesitamos dar forma al mundo a nuestro alrededor, de manera que tenga sentido para nosotros.<\/p>\n<p><span style=\"color: #ff0000;\">\u2665<\/span> Creemos que las cosas m\u00e1s importantes de la vida no se pueden medir. Se sienten.<\/p>\n<p><span style=\"color: #ff0000;\">\u2665<\/span> Creemos que las crisis son una invitaci\u00f3n para crecer y transformar.<\/p>\n<p><span style=\"color: #ff0000;\">\u2665<\/span> Creemos que hemos vivido mucho tiempo en un entorno de competici\u00f3n voraz, y que ya es hora de empezar a compararnos con nosotros mismos para convertirnos en la mejor versi\u00f3n de quienes somos.<\/p>\n<\/div><\/section><\/div><div  class='flex_column av-av_one_third-b51168870d26eac9084c0e2dc495efe0 av_one_third  avia-builder-el-32  el_after_av_one_third  avia-builder-el-last  flex_column_div  '     ><section  class='av_textblock_section av-av_textblock-0366cc7376be6c9e82a3e9cc8987b64f '   itemscope=\"itemscope\" itemtype=\"https:\/\/schema.org\/CreativeWork\" ><div class='avia_textblock'  itemprop=\"text\" ><p><span style=\"color: #ff0000;\">\u2665 <\/span>Creemos en la magia de los encuentros.<\/p>\n<p><span style=\"color: #ff0000;\">\u2665<\/span> Creemos que si est\u00e1s bien, nosotros tambi\u00e9n.<\/p>\n<p><span style=\"color: #ff0000;\">\u2665<\/span> Creemos en la serendipia.<\/p>\n<p><span style=\"color: #ff0000;\">\u2665<\/span> Creemos en el anhelo de reconectarnos con los dem\u00e1s.<\/p>\n<p><span style=\"color: #ff0000;\">\u2665<\/span> Creemos en el poder del juego, de jugar y de re\u00edr.<\/p>\n<p><span style=\"color: #ff0000;\">\u2665<\/span> Creemos que si dos personas comparten una historia desde el fondo de su coraz\u00f3n, siempre estar\u00e1n conectados.<\/p>\n<p><span style=\"color: #ff0000;\">\u2665<\/span> Creemos que una imagen, frase, libro, canci\u00f3n, poema o historia tiene el poder de cambiar una vida.<\/p>\n<p><span style=\"color: #ff0000;\">\u2665 <\/span>Creemos que nuestro mundo necesita nuevas y mejores historias.<\/p>\n<\/div><\/section><\/div><\/p>\n<\/div><\/div>\n<style type=\"text\/css\" data-created_by=\"avia_inline_auto\" id=\"style-css-av-av_cell_one_fourth-f2af42ae92ec5707263e60fdf504bcc6\">\n.flex_cell.av-av_cell_one_fourth-f2af42ae92ec5707263e60fdf504bcc6{\nvertical-align:top;\nbackground-color:#f7f7f7;\n}\n.responsive #top #wrap_all .flex_cell.av-av_cell_one_fourth-f2af42ae92ec5707263e60fdf504bcc6{\npadding:40px 40px 40px 40px !important;\n}\n<\/style>\n<div class='flex_cell av-av_cell_one_fourth-f2af42ae92ec5707263e60fdf504bcc6 av-gridrow-cell av_one_fourth no_margin  avia-builder-el-34  el_after_av_cell_three_fourth  avia-builder-el-last  content-align-top'  ><div class='flex_cell_inner'><p>\n<style type=\"text\/css\" data-created_by=\"avia_inline_auto\" id=\"style-css-av-av_heading-7456ce665379d67b7708a2c7e4ed8da1\">\n#top .av-special-heading.av-av_heading-7456ce665379d67b7708a2c7e4ed8da1{\npadding-bottom:10px;\n}\nbody .av-special-heading.av-av_heading-7456ce665379d67b7708a2c7e4ed8da1 .av-special-heading-tag .heading-char{\nfont-size:25px;\n}\n.av-special-heading.av-av_heading-7456ce665379d67b7708a2c7e4ed8da1 .av-subheading{\nfont-size:15px;\n}\n<\/style>\n<div  class='av-special-heading av-av_heading-7456ce665379d67b7708a2c7e4ed8da1 av-special-heading-h3  avia-builder-el-35  el_before_av_textblock  avia-builder-el-first '><h3 class='av-special-heading-tag '  itemprop=\"headline\"  >Por el M\u00e1ximo Potencial de la Persona<\/h3><div class=\"special-heading-border\"><div class=\"special-heading-inner-border\"><\/div><\/div><\/div><br \/>\n<section  class='av_textblock_section av-av_textblock-0366cc7376be6c9e82a3e9cc8987b64f '   itemscope=\"itemscope\" itemtype=\"https:\/\/schema.org\/CreativeWork\" ><div class='avia_textblock'  itemprop=\"text\" ><p>1% son la <strong>preguntas correctas<\/strong> !<br \/>\n99% es lo que la <strong>inspiraci\u00f3n<\/strong> hace por ti !!<\/p>\n<\/div><\/section><\/p>\n<\/div><\/div>\n<\/div>\n","protected":false},"excerpt":{"rendered":"","protected":false},"author":2,"featured_media":0,"parent":0,"menu_order":0,"comment_status":"closed","ping_status":"closed","template":"","meta":{"footnotes":""},"class_list":["post-21","page","type-page","status-publish","hentry"],"_links":{"self":[{"href":"https:\/\/redhi.com\/blog\/wp-json\/wp\/v2\/pages\/21","targetHints":{"allow":["GET"]}}],"collection":[{"href":"https:\/\/redhi.com\/blog\/wp-json\/wp\/v2\/pages"}],"about":[{"href":"https:\/\/redhi.com\/blog\/wp-json\/wp\/v2\/types\/page"}],"author":[{"embeddable":true,"href":"https:\/\/redhi.com\/blog\/wp-json\/wp\/v2\/users\/2"}],"replies":[{"embeddable":true,"href":"https:\/\/redhi.com\/blog\/wp-json\/wp\/v2\/comments?post=21"}],"version-history":[{"count":130,"href":"https:\/\/redhi.com\/blog\/wp-json\/wp\/v2\/pages\/21\/revisions"}],"predecessor-version":[{"id":5635,"href":"https:\/\/redhi.com\/blog\/wp-json\/wp\/v2\/pages\/21\/revisions\/5635"}],"wp:attachment":[{"href":"https:\/\/redhi.com\/blog\/wp-json\/wp\/v2\/media?parent=21"}],"curies":[{"name":"wp","href":"https:\/\/api.w.org\/{rel}","templated":true}]}}