{"id":1958,"date":"2012-03-01T21:31:41","date_gmt":"2012-03-02T03:31:41","guid":{"rendered":"http:\/\/redhi.com\/blog\/?page_id=1958"},"modified":"2013-02-14T13:28:28","modified_gmt":"2013-02-14T19:28:28","slug":"elreto","status":"publish","type":"page","link":"https:\/\/redhi.com\/blog\/servicios\/experiencias\/savo\/elreto\/","title":{"rendered":"Reto de Negocio"},"content":{"rendered":"<p>Se llega a ser Supervisor, Jefe, Coordinador, L\u00edder de Equipo o Proyecto, Gerente&#8230; por muchas razones: por ser experto del producto, por competencia t\u00e9cnica, por familia, por los a\u00f1os&#8230;, pero s\u00f3lo se llega a ser \u201cbuen jefe\u201d cuando se aprende a dirigir personas.<\/p>\n<p>&nbsp;<br \/>\n<iframe loading=\"lazy\" src=\"http:\/\/www.slideshare.net\/slideshow\/embed_code\/16382219\" width=\"427\" height=\"356\" frameborder=\"0\" marginwidth=\"0\" marginheight=\"0\" scrolling=\"no\" style=\"border:1px solid #CCC;border-width:1px 1px 0;margin-bottom:5px\" allowfullscreen webkitallowfullscreen mozallowfullscreen> <\/iframe> <\/p>\n<div style=\"margin-bottom:5px\"> <strong> <a href=\"http:\/\/www.slideshare.net\/alexrister1\/introduction-to-slide-design\" title=\"Introduction to Slide Design: 7 Rules for Creating Effective Slides\" target=\"_blank\">Introduction to Slide Design: 7 Rules for Creating Effective Slides<\/a> <\/strong> from <strong><a href=\"http:\/\/www.slideshare.net\/alexrister1\" target=\"_blank\">Alex Rister<\/a><\/strong> <\/div>\n<p>Esta es la asignatura m\u00e1s compleja, que demanda preparaci\u00f3n.<\/p>\n<p>Todos los que tienen personas a su cargo son \u2013esencialmente: Directores de Personal. Y dedican -o deber\u00edan dedicar buena parte de su tiempo a ilusionar, formar a su equipo, escuchar, resolver conflictos, \u2026<\/p>\n<p>Si requieres\u2026<\/p>\n<ul>\n<li>\u00bfPreparar a nuevos mandos para nuevas funciones o responsabilidades?<\/li>\n<li>\u00bfMejorar los resultados de quien dirige personas-equipos?<\/li>\n<li>\u00bfActualizar a los mandos con m\u00e1s experiencia?<\/li>\n<\/ul>\n<p>&nbsp;<\/p>\n<h3>Vive la Experiencia !<\/h3>\n<p>Un taller \u00fanico \u2013 un juego de aventura y aprendizajes, que <strong>toda persona que dirige a otros<\/strong><strong> <\/strong>debe vivir.<\/p>\n<p>Los participantes experimentan los fundamentos de las <strong>competencias que construyen una efectiva direcci\u00f3n de personas:<\/strong><\/p>\n<ul>\n<li>alinear el trabajo y contribuci\u00f3n con las metas organizacionales<\/li>\n<li>organizar el trabajo<\/li>\n<li>desarrollar colaboradores<\/li>\n<li>administrar el desempe\u00f1o, y<\/li>\n<li>manejar las relaciones interpersonales.<\/li>\n<\/ul>\n<p>&nbsp;<\/p>\n<p>&nbsp;<\/p>\n<h3>El Escenario<strong><\/strong><\/h3>\n<p>En una expedici\u00f3n para estudiar volcanes activos, usted y su grupo de cient\u00edficos, sobrevivi\u00f3 sin lesiones de un accidente a\u00e9reo\u00a0 cuando su antiguo avi\u00f3n de la Segunda Guerra Mundial se estrello en la remota isla de S\u00e4v\u00f3.<\/p>\n<p>La \u00fanica manera de salir de la isla es construir un aeroplano Stearman PT-13D, basado en los planos y las viejas piezas descubiertas en un almac\u00e9n olvidado de la isla.\u00a0 <strong>\u00bfPodr\u00e1 su capit\u00e1n llevar al grupo a construir a tiempo el aeroplano para lograr escapar &#8211; antes de que el volc\u00e1n entre en erupci\u00f3n?<\/strong><\/p>\n<p>&nbsp;<\/p>\n<p>&nbsp;<\/p>\n<h3>Programa<\/h3>\n<ul>\n<li>\u00bfQu\u00e9 hace un buen jefe?<\/li>\n<li>Diagn\u00f3stico de Competencias de Direcci\u00f3n de Personas<\/li>\n<li>Simulador: El Vuelo a S\u00e4v\u00f3<\/li>\n<li>Las 5 Competencias para Dirigir Personas y Equipos de Trabajo de una Manera Efectiva<\/li>\n<li>Mini Casos para practicar las 5 Competencias.<\/li>\n<\/ul>\n<p>&nbsp;<\/p>\n<p>&nbsp;<\/p>\n","protected":false},"excerpt":{"rendered":"<p>Se llega a ser Supervisor, Jefe, Coordinador, L\u00edder de Equipo o Proyecto, Gerente&#8230; por muchas razones: por ser experto del producto, por competencia t\u00e9cnica, por familia, por los a\u00f1os&#8230;, pero s\u00f3lo se llega a ser \u201cbuen jefe\u201d cuando se aprende a dirigir personas. &nbsp; Introduction to Slide Design: 7 Rules for Creating Effective Slides from [&hellip;]<\/p>\n","protected":false},"author":2,"featured_media":0,"parent":76,"menu_order":0,"comment_status":"closed","ping_status":"closed","template":"","meta":{"footnotes":""},"class_list":["post-1958","page","type-page","status-publish","hentry"],"_links":{"self":[{"href":"https:\/\/redhi.com\/blog\/wp-json\/wp\/v2\/pages\/1958","targetHints":{"allow":["GET"]}}],"collection":[{"href":"https:\/\/redhi.com\/blog\/wp-json\/wp\/v2\/pages"}],"about":[{"href":"https:\/\/redhi.com\/blog\/wp-json\/wp\/v2\/types\/page"}],"author":[{"embeddable":true,"href":"https:\/\/redhi.com\/blog\/wp-json\/wp\/v2\/users\/2"}],"replies":[{"embeddable":true,"href":"https:\/\/redhi.com\/blog\/wp-json\/wp\/v2\/comments?post=1958"}],"version-history":[{"count":7,"href":"https:\/\/redhi.com\/blog\/wp-json\/wp\/v2\/pages\/1958\/revisions"}],"predecessor-version":[{"id":1961,"href":"https:\/\/redhi.com\/blog\/wp-json\/wp\/v2\/pages\/1958\/revisions\/1961"}],"up":[{"embeddable":true,"href":"https:\/\/redhi.com\/blog\/wp-json\/wp\/v2\/pages\/76"}],"wp:attachment":[{"href":"https:\/\/redhi.com\/blog\/wp-json\/wp\/v2\/media?parent=1958"}],"curies":[{"name":"wp","href":"https:\/\/api.w.org\/{rel}","templated":true}]}}