{"id":1577,"date":"2011-05-20T12:12:06","date_gmt":"2011-05-20T18:12:06","guid":{"rendered":"http:\/\/redhi.com\/blog\/?page_id=1577"},"modified":"2013-02-25T13:08:15","modified_gmt":"2013-02-25T19:08:15","slug":"desafioderegatas","status":"publish","type":"page","link":"https:\/\/redhi.com\/blog\/servicios\/experiencias\/desafioderegatas\/","title":{"rendered":"[ Descubre ] Desafio de Regatas"},"content":{"rendered":"<div class=\"grid_12 last\">\n<h2 id=\"separatortoggles\">[ Descubre ] El Vuelo a S\u00e4v\u00f3<\/h2>\n<\/div>\n<h5>5 Competencias Clave para Dirigir Equipos de Trabajo de Manera Efectiva<\/h5>\n<p style=\"text-align: left;\"><em>Los mejores colaboradores no siempre son los mejores jefes&#8230; al menos, sin el entrenamiento adecuado.<\/em><br \/>\n<em>Luis Ledesma \u2022 Coach Ejecutivo<\/em><\/p>\n<div class=\"grid_6\">\n<p>[toggle title=&#8221;Reto de Negocios&#8221; type=&#8221;4&#8243; separator=&#8221;1&#8243; bgfill=&#8221;0&#8243; open=&#8221;0&#8243;]<br \/>\nSe llega a ser Supervisor, Jefe, Coordinador, L\u00edder de Equipo o Proyecto, Gerente&#8230; por muchas razones (por ser experto del producto, por competencia t\u00e9cnica, por familia, por los a\u00f1os&#8230;) pero s\u00f3lo se llega a ser \u201cbuen jefe\u201d cuando se aprende a dirigir a las personas.<\/p>\n<p>Esta es la asignatura m\u00e1s compleja, que requiere prepararse para ella.Todos los que tienen personal a su cargo son \u2013esencialmente &#8211; Directores de Personas. Y dedican -o deber\u00edan dedicar buena parte de su tiempo a ilusionar, formar a su equipo, escuchar, resolver conflictos.<br \/>\n[\/toggle]<\/p>\n<p>[toggle title=&#8221;Conceptos y Actividades Clave&#8221; type=&#8221;4&#8243; separator=&#8221;1&#8243; bgfill=&#8221;0&#8243; open=&#8221;0&#8243;]<\/p>\n<ol>\n<li>\u00bfQu\u00e9 hace un buen jefe?<\/li>\n<li>Diagn\u00f3stico de Competencias para Dirigir Personas<\/li>\n<li>Juego de Negocio (Simulador): El Vuelo a S\u00e4v\u00f3<\/li>\n<li>Las 5 Competencias para Dirigir Personas:\n<ul>\n<li>Alinear el trabajo con las metas organizacionales<\/li>\n<li>Organizar el trabajo<\/li>\n<li>Desarrollar colaboradores<\/li>\n<li>Administrar el desempe\u00f1o, y<\/li>\n<li>Manejar las relaciones interpersonales.<\/li>\n<\/ul>\n<\/li>\n<li>Mini Casos para practicar las 5 Competencias.<\/li>\n<\/ol>\n<p>[\/toggle]<\/p>\n<\/div>\n<div class=\"grid_6 last\">\n<p>[toggle title=&#8221;El Escenario&#8221; type=&#8221;4&#8243; separator=&#8221;1&#8243; bgfill=&#8221;0&#8243; open=&#8221;0&#8243;]<br \/>\nEn una expedici\u00f3n para estudiar volcanes activos, usted y su grupo de cient\u00edficos, sobrevivi\u00f3 sin lesiones de un accidente a\u00e9reo\u00a0 cuando su antiguo avi\u00f3n de la Segunda Guerra Mundial se estrell\u00f3 en la remota isla de S\u00e4v\u00f3.<\/p>\n<p>La \u00fanica manera de salir de la isla es construir un aeroplano Stearman PT-13D, basado en los planos y las viejas piezas descubiertas en un almac\u00e9n olvidado de la isla.\u00a0 \u00bfPodr\u00e1 su l\u00edder llevar al grupo a construir a tiempo el aeroplano para lograr escapar &#8211; antes de que el volc\u00e1n entre en erupci\u00f3n?<br \/>\n[\/toggle]<\/p>\n<p>[toggle title=&#8221;Descubrimientos&#8221; type=&#8221;4&#8243; separator=&#8221;1&#8243; bgfill=&#8221;1&#8243; open=&#8221;0&#8243;]Al finalizar el Taller del Vuelo a S\u00e4v\u00f3, podr\u00e1s:<\/p>\n<ul>\n<li>Diferenciar entre una direcci\u00f3n de personas eficiente de una ineficiente<\/li>\n<li>Identificar, enfocar y practicar las 5 competencias b\u00e1sicas para dirigir personas de manera efectiva, a trav\u00e9s de un proyecto &#8220;en vivo&#8221;<\/li>\n<li>Recibir retroalimentaci\u00f3n directa sobre sus fortalezas y debilidades<\/li>\n<li>Entender las claves para planear de manera efectiva, priorizar, delegar y mejorar las relaciones con colaboradores y otros grupos<\/li>\n<li>Entender c\u00f3mo usar las 5 competencias b\u00e1sicas en su contexto<\/li>\n<li>Entender el verdadero papel y los retos de qui\u00e9n dirige personas para ser m\u00e1s efectivo en el trabajo.<\/li>\n<\/ul>\n<p>[\/toggle]<\/p>\n<p>[toggle title=&#8221;Ficha T\u00e9cnica&#8221; type=&#8221;4&#8243; separator=&#8221;1&#8243; bgfill=&#8221;1&#8243; open=&#8221;0&#8243;]<br \/>\n<strong>Experiencia:<\/strong><\/p>\n<p>Simulador de Negocios<\/p>\n<p><strong>Participantes:<\/strong><\/p>\n<p>De 8 a 24<\/p>\n<p><strong>Duraci\u00f3n:<\/strong><\/p>\n<p>8 h<\/p>\n<p>[\/toggle]<\/p>\n<\/div>\n","protected":false},"excerpt":{"rendered":"<p>[ Descubre ] El Vuelo a S\u00e4v\u00f3 5 Competencias Clave para Dirigir Equipos de Trabajo de Manera Efectiva Los mejores colaboradores no siempre son los mejores jefes&#8230; al menos, sin el entrenamiento adecuado. Luis Ledesma \u2022 Coach Ejecutivo [toggle title=&#8221;Reto de Negocios&#8221; type=&#8221;4&#8243; separator=&#8221;1&#8243; bgfill=&#8221;0&#8243; open=&#8221;0&#8243;] Se llega a ser Supervisor, Jefe, Coordinador, L\u00edder de [&hellip;]<\/p>\n","protected":false},"author":2,"featured_media":0,"parent":4290,"menu_order":0,"comment_status":"closed","ping_status":"closed","template":"","meta":{"footnotes":""},"class_list":["post-1577","page","type-page","status-publish","hentry"],"_links":{"self":[{"href":"https:\/\/redhi.com\/blog\/wp-json\/wp\/v2\/pages\/1577","targetHints":{"allow":["GET"]}}],"collection":[{"href":"https:\/\/redhi.com\/blog\/wp-json\/wp\/v2\/pages"}],"about":[{"href":"https:\/\/redhi.com\/blog\/wp-json\/wp\/v2\/types\/page"}],"author":[{"embeddable":true,"href":"https:\/\/redhi.com\/blog\/wp-json\/wp\/v2\/users\/2"}],"replies":[{"embeddable":true,"href":"https:\/\/redhi.com\/blog\/wp-json\/wp\/v2\/comments?post=1577"}],"version-history":[{"count":36,"href":"https:\/\/redhi.com\/blog\/wp-json\/wp\/v2\/pages\/1577\/revisions"}],"predecessor-version":[{"id":4820,"href":"https:\/\/redhi.com\/blog\/wp-json\/wp\/v2\/pages\/1577\/revisions\/4820"}],"up":[{"embeddable":true,"href":"https:\/\/redhi.com\/blog\/wp-json\/wp\/v2\/pages\/4290"}],"wp:attachment":[{"href":"https:\/\/redhi.com\/blog\/wp-json\/wp\/v2\/media?parent=1577"}],"curies":[{"name":"wp","href":"https:\/\/api.w.org\/{rel}","templated":true}]}}