{"id":1520,"date":"2011-05-17T19:25:27","date_gmt":"2011-05-18T01:25:27","guid":{"rendered":"http:\/\/redhi.com\/blog\/?page_id=1520"},"modified":"2012-01-26T10:40:43","modified_gmt":"2012-01-26T16:40:43","slug":"mision","status":"publish","type":"page","link":"https:\/\/redhi.com\/blog\/somos3\/mision\/","title":{"rendered":"Nuestra Mision es Mejorar TU Desempeno"},"content":{"rendered":"<h3>Redhi: Red Humana Inteligente\u00ae, somos una Firma de Servicios Profesionales de Consultor\u00eda de Management enfocada a Mejorar TU&#8230;<\/h3>\n<ul>\n<li>Desempe\u00f1o Personal y<\/li>\n<li>Desempe\u00f1o para el Trabajo en Equipo.<\/li>\n<\/ul>\n<p>Tenemos 20 a\u00f1os de experiencias y conocimientos, ayudando a las organizaciones y su gente en M\u00e9xico, Centro y SurAm\u00e9rica.<\/p>\n<h3>Somos&#8230;<\/h3>\n<p>Sus Dise\u00f1adores de Experiencias de Aprendizaje para las Mejora de Habilidades de Management.<\/p>\n<p>Sus Consultores para la Mejora y Documentaci\u00f3n de sus Procesos de Negocios.<\/p>\n","protected":false},"excerpt":{"rendered":"<p>Redhi: Red Humana Inteligente\u00ae, somos una Firma de Servicios Profesionales de Consultor\u00eda de Management enfocada a Mejorar TU&#8230; Desempe\u00f1o Personal y Desempe\u00f1o para el Trabajo en Equipo. Tenemos 20 a\u00f1os de experiencias y conocimientos, ayudando a las organizaciones y su gente en M\u00e9xico, Centro y SurAm\u00e9rica. Somos&#8230; Sus Dise\u00f1adores de Experiencias de Aprendizaje para las [&hellip;]<\/p>\n","protected":false},"author":2,"featured_media":0,"parent":69,"menu_order":0,"comment_status":"closed","ping_status":"closed","template":"","meta":{"footnotes":""},"class_list":["post-1520","page","type-page","status-publish","hentry"],"_links":{"self":[{"href":"https:\/\/redhi.com\/blog\/wp-json\/wp\/v2\/pages\/1520","targetHints":{"allow":["GET"]}}],"collection":[{"href":"https:\/\/redhi.com\/blog\/wp-json\/wp\/v2\/pages"}],"about":[{"href":"https:\/\/redhi.com\/blog\/wp-json\/wp\/v2\/types\/page"}],"author":[{"embeddable":true,"href":"https:\/\/redhi.com\/blog\/wp-json\/wp\/v2\/users\/2"}],"replies":[{"embeddable":true,"href":"https:\/\/redhi.com\/blog\/wp-json\/wp\/v2\/comments?post=1520"}],"version-history":[{"count":8,"href":"https:\/\/redhi.com\/blog\/wp-json\/wp\/v2\/pages\/1520\/revisions"}],"predecessor-version":[{"id":1529,"href":"https:\/\/redhi.com\/blog\/wp-json\/wp\/v2\/pages\/1520\/revisions\/1529"}],"up":[{"embeddable":true,"href":"https:\/\/redhi.com\/blog\/wp-json\/wp\/v2\/pages\/69"}],"wp:attachment":[{"href":"https:\/\/redhi.com\/blog\/wp-json\/wp\/v2\/media?parent=1520"}],"curies":[{"name":"wp","href":"https:\/\/api.w.org\/{rel}","templated":true}]}}