{"id":1478,"date":"2011-05-02T22:57:48","date_gmt":"2011-05-03T04:57:48","guid":{"rendered":"http:\/\/redhi.com\/blog\/?page_id=1478"},"modified":"2012-01-27T21:43:59","modified_gmt":"2012-01-28T03:43:59","slug":"fortalezas","status":"publish","type":"page","link":"https:\/\/redhi.com\/blog\/somos3\/fortalezas\/","title":{"rendered":"Nuestras Fortalezas"},"content":{"rendered":"<h3>Tres razones para pensar en nosotros: Especializacion, Experiencia e Independencia.<\/h3>\n<p>Adem\u00e1s como consultores:<\/p>\n<ul>\n<li>estamos certificados en t\u00e9cnicas de an\u00e1lisis, organizaci\u00f3n, dise\u00f1o de informaci\u00f3n y mejora de procesos<\/li>\n<li>nos apegamos a nuestro C\u00f3digo de Conducta<\/li>\n<li>nos convertimos en su socio de negocios<\/li>\n<li>en cada proyecto, nos involucramos, compartimos sus objetivos, su cultura y sus expectativas<\/li>\n<li>nos comprometemos con un servicio de calidad, ofreciendo siempre la disponibilidad de nuestros consultores y el riguroso cumplimiento de los plazos previstos<\/li>\n<li>queremos que nuestra aportaci\u00f3n sea \u00fatil a nuestros clientes. Si pensamos que no podemos ofrecer ning\u00fan valor, preferimos decir no.<\/li>\n<\/ul>\n<div>\n<p>Adem\u00e1s como dise\u00f1adores de experiencias\u00ae:<\/p>\n<ul>\n<li>estamos Certificados en t\u00e9cnicas de Aprendizaje Acelerado, Aprendizaje Significativo para Adultos, Estilos de Pensamiento de Ned Herrmann, Programaci\u00f3n Neuroling\u00fc\u00edstica y el uso de Simuladores de Negocio<\/li>\n<li>ofrecemos modelos pr\u00e1cticos y efectivos de desarrollo<\/li>\n<li>utilizamos simuladores de negocios y casos de negocio<\/li>\n<li>nuestro Proceso (nuestro Sello) tienen cuatro etapas:\n<ol>\n<li>Diagn\u00f3stico.<\/li>\n<li>Taller de Perfeccionamiento.<\/li>\n<li>Acompa\u00f1amiento de un Coach, y<\/li>\n<li>Seguimiento durante 3 meses.<\/li>\n<\/ol>\n<\/li>\n<\/ul>\n<\/div>\n","protected":false},"excerpt":{"rendered":"<p>Tres razones para pensar en nosotros: Especializacion, Experiencia e Independencia. Adem\u00e1s como consultores: estamos certificados en t\u00e9cnicas de an\u00e1lisis, organizaci\u00f3n, dise\u00f1o de informaci\u00f3n y mejora de procesos nos apegamos a nuestro C\u00f3digo de Conducta nos convertimos en su socio de negocios en cada proyecto, nos involucramos, compartimos sus objetivos, su cultura y sus expectativas nos [&hellip;]<\/p>\n","protected":false},"author":2,"featured_media":0,"parent":69,"menu_order":0,"comment_status":"closed","ping_status":"closed","template":"","meta":{"footnotes":""},"class_list":["post-1478","page","type-page","status-publish","hentry"],"_links":{"self":[{"href":"https:\/\/redhi.com\/blog\/wp-json\/wp\/v2\/pages\/1478","targetHints":{"allow":["GET"]}}],"collection":[{"href":"https:\/\/redhi.com\/blog\/wp-json\/wp\/v2\/pages"}],"about":[{"href":"https:\/\/redhi.com\/blog\/wp-json\/wp\/v2\/types\/page"}],"author":[{"embeddable":true,"href":"https:\/\/redhi.com\/blog\/wp-json\/wp\/v2\/users\/2"}],"replies":[{"embeddable":true,"href":"https:\/\/redhi.com\/blog\/wp-json\/wp\/v2\/comments?post=1478"}],"version-history":[{"count":7,"href":"https:\/\/redhi.com\/blog\/wp-json\/wp\/v2\/pages\/1478\/revisions"}],"predecessor-version":[{"id":6240,"href":"https:\/\/redhi.com\/blog\/wp-json\/wp\/v2\/pages\/1478\/revisions\/6240"}],"up":[{"embeddable":true,"href":"https:\/\/redhi.com\/blog\/wp-json\/wp\/v2\/pages\/69"}],"wp:attachment":[{"href":"https:\/\/redhi.com\/blog\/wp-json\/wp\/v2\/media?parent=1478"}],"curies":[{"name":"wp","href":"https:\/\/api.w.org\/{rel}","templated":true}]}}