{"id":1470,"date":"2011-05-02T22:44:44","date_gmt":"2011-05-03T04:44:44","guid":{"rendered":"http:\/\/redhi.com\/blog\/?page_id=1470"},"modified":"2011-05-03T07:00:07","modified_gmt":"2011-05-03T13:00:07","slug":"codigo10","status":"publish","type":"page","link":"https:\/\/redhi.com\/blog\/somos3\/codigo10\/","title":{"rendered":"Codigo 10Redhi: Etica para la Accion"},"content":{"rendered":"<p>Nuestro C\u00f3digo de \u00c9tica establece los principios y responsabilidad social que rigen el ejercicio de la actividad profesional que desarrolla cada miembro de Redhi: Red Humana Inteligente.<\/p>\n<ol>\n<li>Proveemos servicios profesionales de acuerdo con nuestras pol\u00edticas, informaci\u00f3n t\u00e9cnica y est\u00e1ndares de actuaci\u00f3n profesional.<\/li>\n<li>Mantenemos y mejoramos nuestras competencias en niveles consistentes con el desarrollo e innovaci\u00f3n tecnol\u00f3gica, la legislaci\u00f3n y las realidades del medio, haciendo extensivos a nuestros clientes los beneficios de estos logros y aplicando el debido cuidado, habilidad y diligencia en los servicios prestados.<\/li>\n<li>Ofrecemos y prestamos solo estos servicios si podemos alcanzarlos con un alto est\u00e1dar de calidad.<\/li>\n<li>Actuamos en todo momento para servir a los intereses leg\u00edtimos del cliente y prestamos estos servicios con integridad, objetividad, diligencia, lealtad y estricto apego a las normas y principios t\u00e9cnicos de nuestra especialidad.<\/li>\n<li>Trabajamos comprometidos solo con las pr\u00e1cticas que son legales y \u00e9ticas y que son compatibles con los principios de desarrollo sustentable, con la realidad social y econ\u00f3mica del medio en que se ejecutan los trabajos.<\/li>\n<li>Conocemos nuestras obligaciones contractuales, reportamos y cargamos honestamente nuestros servicios.<\/li>\n<li>Evitamos conflictos de intereses. No es aceptable para nosotros ofrecer o aceptar compensaci\u00f3n o pagos que tengan como prop\u00f3sito influenciar en los procesos de contrataci\u00f3n, emitir opini\u00f3n o dictamen sesgado, u otros conceptos.<\/li>\n<li>S\u00f3lo nos atribuimos ideas, estudios, resultados y experiencias que son producto de nuestro trabajo.<\/li>\n<li>Respetamos la confidencialidad y privacidad de nuestros clientes, de cualquier informaci\u00f3n que se nos haya proporcionado o haya sido obtenido durante la prestaci\u00f3n de nuestros servicios<\/li>\n<li>Cuidamos nuestra libertad de pensamiento, independencia, integridad y objetividad.<\/li>\n<\/ol>\n","protected":false},"excerpt":{"rendered":"<p>Nuestro C\u00f3digo de \u00c9tica establece los principios y responsabilidad social que rigen el ejercicio de la actividad profesional que desarrolla cada miembro de Redhi: Red Humana Inteligente. Proveemos servicios profesionales de acuerdo con nuestras pol\u00edticas, informaci\u00f3n t\u00e9cnica y est\u00e1ndares de actuaci\u00f3n profesional. Mantenemos y mejoramos nuestras competencias en niveles consistentes con el desarrollo e innovaci\u00f3n [&hellip;]<\/p>\n","protected":false},"author":2,"featured_media":0,"parent":69,"menu_order":0,"comment_status":"closed","ping_status":"closed","template":"","meta":{"footnotes":""},"class_list":["post-1470","page","type-page","status-publish","hentry"],"_links":{"self":[{"href":"https:\/\/redhi.com\/blog\/wp-json\/wp\/v2\/pages\/1470","targetHints":{"allow":["GET"]}}],"collection":[{"href":"https:\/\/redhi.com\/blog\/wp-json\/wp\/v2\/pages"}],"about":[{"href":"https:\/\/redhi.com\/blog\/wp-json\/wp\/v2\/types\/page"}],"author":[{"embeddable":true,"href":"https:\/\/redhi.com\/blog\/wp-json\/wp\/v2\/users\/2"}],"replies":[{"embeddable":true,"href":"https:\/\/redhi.com\/blog\/wp-json\/wp\/v2\/comments?post=1470"}],"version-history":[{"count":6,"href":"https:\/\/redhi.com\/blog\/wp-json\/wp\/v2\/pages\/1470\/revisions"}],"predecessor-version":[{"id":5957,"href":"https:\/\/redhi.com\/blog\/wp-json\/wp\/v2\/pages\/1470\/revisions\/5957"}],"up":[{"embeddable":true,"href":"https:\/\/redhi.com\/blog\/wp-json\/wp\/v2\/pages\/69"}],"wp:attachment":[{"href":"https:\/\/redhi.com\/blog\/wp-json\/wp\/v2\/media?parent=1470"}],"curies":[{"name":"wp","href":"https:\/\/api.w.org\/{rel}","templated":true}]}}